{"id":2,"date":"2017-03-20T09:51:08","date_gmt":"2017-03-20T08:51:08","guid":{"rendered":"http:\/\/w2.czarby.com\/?page_id=2"},"modified":"2017-03-20T21:26:33","modified_gmt":"2017-03-20T20:26:33","slug":"page-d-exemple","status":"publish","type":"page","link":"https:\/\/www.czarby.com\/","title":{"rendered":"Bienvenue"},"content":{"rendered":"<hr \/>\n<h2 style=\"text-align: center;\">Bienvenue sur mon nouveau site personnel.<\/h2>\n<h2 style=\"text-align: center;\">J&rsquo;ai depuis toujours \u00e9t\u00e9 un passionn\u00e9 de chemin de fer. Ce site a pour but de vous faire d\u00e9couvrir cet univers.<\/h2>\n<hr \/>\n<p><a href=\"http:\/\/www.espacetrain.com\"><img loading=\"lazy\" decoding=\"async\" class=\"alignnone size-thumbnail\" src=\"http:\/\/www.espacetrain.com\/banniere\/cespacetrain.gif\" width=\"152\" height=\"79\" \/><\/a><\/p>\n<p>&nbsp;<\/p>\n","protected":false},"excerpt":{"rendered":"<p>Bienvenue sur mon nouveau site personnel. J&rsquo;ai depuis toujours \u00e9t\u00e9 un passionn\u00e9 de chemin de fer. Ce site a pour but de vous faire d\u00e9couvrir cet univers. &nbsp;<\/p>\n","protected":false},"author":1,"featured_media":0,"parent":0,"menu_order":0,"comment_status":"closed","ping_status":"open","template":"","meta":{"footnotes":""},"class_list":["post-2","page","type-page","status-publish","hentry"],"_links":{"self":[{"href":"https:\/\/www.czarby.com\/index.php?rest_route=\/wp\/v2\/pages\/2","targetHints":{"allow":["GET"]}}],"collection":[{"href":"https:\/\/www.czarby.com\/index.php?rest_route=\/wp\/v2\/pages"}],"about":[{"href":"https:\/\/www.czarby.com\/index.php?rest_route=\/wp\/v2\/types\/page"}],"author":[{"embeddable":true,"href":"https:\/\/www.czarby.com\/index.php?rest_route=\/wp\/v2\/users\/1"}],"replies":[{"embeddable":true,"href":"https:\/\/www.czarby.com\/index.php?rest_route=%2Fwp%2Fv2%2Fcomments&post=2"}],"version-history":[{"count":5,"href":"https:\/\/www.czarby.com\/index.php?rest_route=\/wp\/v2\/pages\/2\/revisions"}],"predecessor-version":[{"id":72,"href":"https:\/\/www.czarby.com\/index.php?rest_route=\/wp\/v2\/pages\/2\/revisions\/72"}],"wp:attachment":[{"href":"https:\/\/www.czarby.com\/index.php?rest_route=%2Fwp%2Fv2%2Fmedia&parent=2"}],"curies":[{"name":"wp","href":"https:\/\/api.w.org\/{rel}","templated":true}]}}